{"id":2198,"date":"2026-04-23T13:18:47","date_gmt":"2026-04-23T13:18:47","guid":{"rendered":"https:\/\/ajsimport.com\/?post_type=product&#038;p=2198"},"modified":"2026-04-23T13:19:09","modified_gmt":"2026-04-23T13:19:09","slug":"frazadita-doble-faz-7","status":"publish","type":"product","link":"https:\/\/ajsimport.com\/index.php\/producto\/frazadita-doble-faz-7\/","title":{"rendered":"Frazadita doble faz"},"content":{"rendered":"","protected":false},"excerpt":{"rendered":"<p>Frazadita doble faz \ud83d\udecf\ufe0f\u2728<br \/>\nTama\u00f1o ideal: 2,30 x 2,50 m, perfecta para cama grande y m\u00e1ximo confort.<br \/>\nS\u00faper suave y confortable, con dise\u00f1o doble faz para que puedas usarla de ambos lados seg\u00fan tu estilo \ud83d\ude4c<br \/>\nDe una sola pieza<br \/>\n\ud83d\udcb0 Precio minorista: 100.000<br \/>\n\ud83d\udcb0 Precio mayorista: 95.000<br \/>\n\u00a1Calidad, abrigo y estilo en una sola frazada! \ud83d\udc96<\/p>\n","protected":false},"featured_media":2183,"comment_status":"open","ping_status":"closed","template":"","meta":[],"product_brand":[68],"product_cat":[78],"product_tag":[],"class_list":{"0":"post-2198","1":"product","2":"type-product","3":"status-publish","4":"has-post-thumbnail","6":"product_brand-golsun","7":"product_cat-mantas","9":"first","10":"instock","11":"shipping-taxable","12":"purchasable","13":"product-type-simple"},"_links":{"self":[{"href":"https:\/\/ajsimport.com\/index.php\/wp-json\/wp\/v2\/product\/2198","targetHints":{"allow":["GET"]}}],"collection":[{"href":"https:\/\/ajsimport.com\/index.php\/wp-json\/wp\/v2\/product"}],"about":[{"href":"https:\/\/ajsimport.com\/index.php\/wp-json\/wp\/v2\/types\/product"}],"replies":[{"embeddable":true,"href":"https:\/\/ajsimport.com\/index.php\/wp-json\/wp\/v2\/comments?post=2198"}],"version-history":[{"count":1,"href":"https:\/\/ajsimport.com\/index.php\/wp-json\/wp\/v2\/product\/2198\/revisions"}],"predecessor-version":[{"id":2199,"href":"https:\/\/ajsimport.com\/index.php\/wp-json\/wp\/v2\/product\/2198\/revisions\/2199"}],"wp:featuredmedia":[{"embeddable":true,"href":"https:\/\/ajsimport.com\/index.php\/wp-json\/wp\/v2\/media\/2183"}],"wp:attachment":[{"href":"https:\/\/ajsimport.com\/index.php\/wp-json\/wp\/v2\/media?parent=2198"}],"wp:term":[{"taxonomy":"product_brand","embeddable":true,"href":"https:\/\/ajsimport.com\/index.php\/wp-json\/wp\/v2\/product_brand?post=2198"},{"taxonomy":"product_cat","embeddable":true,"href":"https:\/\/ajsimport.com\/index.php\/wp-json\/wp\/v2\/product_cat?post=2198"},{"taxonomy":"product_tag","embeddable":true,"href":"https:\/\/ajsimport.com\/index.php\/wp-json\/wp\/v2\/product_tag?post=2198"}],"curies":[{"name":"wp","href":"https:\/\/api.w.org\/{rel}","templated":true}]}}